{"id":6138,"date":"2019-11-03T10:11:10","date_gmt":"2019-11-03T14:11:10","guid":{"rendered":"https:\/\/sashafitness.com\/site\/?page_id=6138"},"modified":"2024-03-08T17:25:52","modified_gmt":"2024-03-08T21:25:52","slug":"la-empresa","status":"publish","type":"page","link":"https:\/\/sashafitness.com\/site\/la-empresa\/","title":{"rendered":"La Empresa"},"content":{"rendered":"<div id=\"pl-6138\"  class=\"panel-layout\" ><div id=\"pg-6138-0\"  class=\"panel-grid panel-no-style\" ><div id=\"pgc-6138-0-0\"  class=\"panel-grid-cell panel-grid-cell-empty\" ><\/div><\/div><div id=\"pg-6138-1\"  class=\"panel-grid panel-no-style\" ><div id=\"pgc-6138-1-0\"  class=\"panel-grid-cell\" ><div id=\"panel-6138-1-0-0\" class=\"so-panel widget widget_sow-editor panel-first-child panel-last-child\" data-index=\"0\" ><div class=\"so-widget-sow-editor so-widget-sow-editor-base\">\n<div class=\"siteorigin-widget-tinymce textwidget\">\n\t<h3 style=\"text-align: justify;\">La Empresa<\/h3>\n<\/div>\n<\/div><\/div><\/div><\/div><div id=\"pg-6138-2\"  class=\"panel-grid panel-no-style\" ><div id=\"pgc-6138-2-0\"  class=\"panel-grid-cell\" ><div id=\"panel-6138-2-0-0\" class=\"so-panel widget widget_sow-editor panel-first-child\" data-index=\"1\" ><div class=\"so-widget-sow-editor so-widget-sow-editor-base\">\n<div class=\"siteorigin-widget-tinymce textwidget\">\n\t<p style=\"text-align: justify;\"><strong>Sasha Fitness<\/strong> es una empresa importadora de productos para el desarrollo mental y f\u00edsico de atletas que solo buscan lo mejor para sus cuerpos. Somos distribuidores de prote\u00ednas, creatinas, amino\u00e1cidos, vitaminas, termog\u00e9nicos, pre-entrenamientos, post-entrenamientos, hidratos, sustitutos de comidas. Nuestros productos est\u00e1n respaldados por empresas que gastan considerables sumas en investigaci\u00f3n y desarrollo para as\u00ed ofrecer a los deportistas los m\u00e1s novedosos suplementos que la industria puede ofrecer.<\/p>\n<p style=\"text-align: justify;\">Nuestra empresa es distribuidora oficial de las mejores marcas de aparatos, equipos y accesorios para su gimnasio, ofrezca a sus clientes tecnolog\u00eda de avanzada dise\u00f1ada para que de una forma ergon\u00f3mica trabaje las zonas deseadas por el usuario. Todos nuestros equipos han sido dise\u00f1ados para durar y mantener sus funciones en el tiempo.<\/p>\n<p style=\"text-align: justify;\">Le invitamos a que entrene en la Ciudad de Maracaibo en nuestro gimnasio Sasha Fitness, dotado de los mejores equipos y aparatos para su entrenamiento, desarrollo f\u00edsico y mental. Contamos con la asesor\u00eda de profesionales en el \u00e1rea; el gimnasio esta dividido en amplias \u00e1reas de ejercicios cardiovasculares, \u00e1rea de ejercicios con cargas o pesas y un \u00e1rea de pista para taebo, danza, aerobic, baile y otras rutinas.<\/p>\n<\/div>\n<\/div><\/div><div id=\"panel-6138-2-0-1\" class=\"so-panel widget widget_siteorigin-panels-builder panel-last-child\" data-index=\"2\" ><div id=\"pl-w635a968b1c422\"  class=\"panel-layout\" ><div id=\"pg-w635a968b1c422-0\"  class=\"panel-grid panel-no-style\" ><div id=\"pgc-w635a968b1c422-0-0\"  class=\"panel-grid-cell\" ><div id=\"panel-w635a968b1c422-0-0-0\" class=\"so-panel widget widget_sow-image panel-first-child\" data-index=\"0\" ><div class=\"so-widget-sow-image so-widget-sow-image-default-17bc2272b535-6138\">\n\n<div class=\"sow-image-container\">\n\t\t<img src=\"https:\/\/sashafitness.com\/site\/wp-content\/uploads\/2022\/10\/FORTALEZAS_01.jpg\" width=\"245\" height=\"150\" sizes=\"(max-width: 245px) 100vw, 245px\" alt=\"\" loading=\"lazy\" \t\tclass=\"so-widget-image\"\/>\n\t<\/div>\n\n<\/div><\/div><div id=\"panel-w635a968b1c422-0-0-1\" class=\"so-panel widget widget_sow-editor panel-last-child\" data-index=\"1\" ><div class=\"so-widget-sow-editor so-widget-sow-editor-base\">\n<div class=\"siteorigin-widget-tinymce textwidget\">\n\t<h4 style=\"text-align: center;\">Innovaci\u00f3n continua<\/h4>\n<p style=\"text-align: left;\">Monitoreamos innovaciones en la industria Fitness para el beneficio de todos nuestros clientes.<\/p>\n<\/div>\n<\/div><\/div><\/div><div id=\"pgc-w635a968b1c422-0-1\"  class=\"panel-grid-cell\" ><div id=\"panel-w635a968b1c422-0-1-0\" class=\"so-panel widget widget_sow-image panel-first-child\" data-index=\"2\" ><div class=\"so-widget-sow-image so-widget-sow-image-default-17bc2272b535-6138\">\n\n<div class=\"sow-image-container\">\n\t\t<img src=\"https:\/\/sashafitness.com\/site\/wp-content\/uploads\/2022\/10\/FORTALEZAS_02.jpg\" width=\"245\" height=\"150\" sizes=\"(max-width: 245px) 100vw, 245px\" alt=\"\" loading=\"lazy\" \t\tclass=\"so-widget-image\"\/>\n\t<\/div>\n\n<\/div><\/div><div id=\"panel-w635a968b1c422-0-1-1\" class=\"so-panel widget widget_sow-editor panel-last-child\" data-index=\"3\" ><div class=\"so-widget-sow-editor so-widget-sow-editor-base\">\n<div class=\"siteorigin-widget-tinymce textwidget\">\n\t<h4 style=\"text-align: center;\">Personal comprometido<\/h4>\n<p>Nuestro personal da soluciones a nuestros clientes con las mejores alternativas a sus necesidades.<\/p>\n<\/div>\n<\/div><\/div><\/div><div id=\"pgc-w635a968b1c422-0-2\"  class=\"panel-grid-cell\" ><div id=\"panel-w635a968b1c422-0-2-0\" class=\"so-panel widget widget_sow-image panel-first-child\" data-index=\"4\" ><div class=\"so-widget-sow-image so-widget-sow-image-default-17bc2272b535-6138\">\n\n<div class=\"sow-image-container\">\n\t\t<img src=\"https:\/\/sashafitness.com\/site\/wp-content\/uploads\/2022\/10\/FORTALEZAS_03.jpg\" width=\"245\" height=\"150\" sizes=\"(max-width: 245px) 100vw, 245px\" alt=\"\" loading=\"lazy\" \t\tclass=\"so-widget-image\"\/>\n\t<\/div>\n\n<\/div><\/div><div id=\"panel-w635a968b1c422-0-2-1\" class=\"so-panel widget widget_sow-editor panel-last-child\" data-index=\"5\" ><div class=\"so-widget-sow-editor so-widget-sow-editor-base\">\n<div class=\"siteorigin-widget-tinymce textwidget\">\n\t<h4 style=\"text-align: center;\">Nuestro compromiso<\/h4>\n<p style=\"text-align: left;\">Buscamos garantizar procesos con uso eficiente de recursos y pr\u00e1cticas ambientales \u00f3ptimas.<\/p>\n<\/div>\n<\/div><\/div><\/div><\/div><\/div><\/div><\/div><div id=\"pgc-6138-2-1\"  class=\"panel-grid-cell\" ><div id=\"panel-6138-2-1-0\" class=\"so-panel widget widget_sow-image panel-first-child panel-last-child\" data-index=\"3\" ><div class=\"so-widget-sow-image so-widget-sow-image-default-d6014b76747a-6138\">\n\n<div class=\"sow-image-container\">\n\t\t<img src=\"https:\/\/sashafitness.com\/site\/wp-content\/uploads\/2022\/10\/LATERAL_LA_EMPRESA.jpg\" width=\"350\" height=\"750\" srcset=\"https:\/\/sashafitness.com\/site\/wp-content\/uploads\/2022\/10\/LATERAL_LA_EMPRESA.jpg 350w, https:\/\/sashafitness.com\/site\/wp-content\/uploads\/2022\/10\/LATERAL_LA_EMPRESA-140x300.jpg 140w, https:\/\/sashafitness.com\/site\/wp-content\/uploads\/2022\/10\/LATERAL_LA_EMPRESA-280x600.jpg 280w\" sizes=\"(max-width: 350px) 100vw, 350px\" alt=\"\" loading=\"lazy\" \t\tclass=\"so-widget-image\"\/>\n\t<\/div>\n\n<\/div><\/div><\/div><\/div><div id=\"pg-6138-3\"  class=\"panel-grid panel-has-style\" ><div class=\"siteorigin-panels-stretch panel-row-style panel-row-style-for-6138-3\" data-stretch-type=\"full\" ><div id=\"pgc-6138-3-0\"  class=\"panel-grid-cell\" ><div id=\"panel-6138-3-0-0\" class=\"so-panel widget widget_sow-editor panel-first-child\" data-index=\"4\" ><div class=\"so-widget-sow-editor so-widget-sow-editor-base\">\n<div class=\"siteorigin-widget-tinymce textwidget\">\n\t<h4 style=\"text-align: center; margin-top: 0px; margin-bottom: 0px;\"><span style=\"color: #ffffff;\">Estamos conformados por un grupo de profesionales multidisciplinario<\/span><\/h4>\n<h4 style=\"text-align: center; margin-top: 0px; margin-bottom: 0px;\"><span style=\"color: #ffffff;\">listos para brindar asesor\u00eda integral en funci\u00f3n de sus objetivos.<\/span><\/h4>\n<\/div>\n<\/div><\/div><div id=\"panel-6138-3-0-1\" class=\"so-panel widget widget_sow-button panel-last-child\" data-index=\"5\" ><div class=\"so-widget-sow-button so-widget-sow-button-wire-06330324aa37-6138\"><div class=\"ow-button-base ow-button-align-center\">\n\t<a href=\"https:\/\/sashafitness.com\/site\/site\/contactenos\/\" class=\"ow-icon-placement-left ow-button-hover\" \t\t>\n\t\t<span>\n\t\t\t\n\t\t\tCont\u00e1ctenos\t\t<\/span>\n\t<\/a>\n<\/div>\n<\/div><\/div><\/div><\/div><\/div><div id=\"pg-6138-4\"  class=\"panel-grid panel-no-style\" ><div id=\"pgc-6138-4-0\"  class=\"panel-grid-cell\" ><div id=\"panel-6138-4-0-0\" class=\"so-panel widget widget_sow-editor panel-first-child\" data-index=\"6\" ><div class=\"so-widget-sow-editor so-widget-sow-editor-base\">\n<div class=\"siteorigin-widget-tinymce textwidget\">\n\t<h3 style=\"text-align: center;\"><span style=\"color: #808080;\">Marcas Aliadas<\/span><\/h3>\n<\/div>\n<\/div><\/div><div id=\"panel-6138-4-0-1\" class=\"so-panel widget widget_sow-editor panel-last-child\" data-index=\"7\" ><div class=\"so-widget-sow-editor so-widget-sow-editor-base\">\n<div class=\"siteorigin-widget-tinymce textwidget\">\n\t\n\t<div class=\"gs_logo_area gs_logo_area_69e17e10e14ad slider1\">\n\t\t<div class=\"gs_logo_area--inner\">\n\n\t\t\t\n<div class=\"gs_logo_container gs_carousel_swiper gs_logo_fix_height_and_center\" data-carousel-config='{\"direction\":\"horizontal\",\"speed\":500,\"isAutoplay\":true,\"autoplayDelay\":2000,\"loop\":true,\"pauseOnHover\":true,\"ticker\":false,\"navs\":false,\"dots\":false,\"dynamic_dots\":true,\"slideSpace\":10,\"slidesPerGroup\":1,\"desktopLogos\":5,\"tabletLogos\":3,\"mobileLogos\":2}'>\n\n\t\n\t\t\n\t\t\t<div class=\"gs_logo_single--wrapper\">\n\t\t\t\t<div class=\"gs_logo_single\">\n\n\t\t\t\t\t<!-- Logo Title -->\n\t\t\t\t\t<img class=\" \" src=\"https:\/\/sashafitness.com\/site\/wp-content\/uploads\/2022\/10\/WEIDER.jpg\" alt=\"\" title=\"WEIDER\" \/>\n\t\t\t\t\t<!-- Logo Title -->\n\t\t\t\t\t\t\t\t\t\t\n\t\t\t\t<\/div>\n\t\t\t<\/div>\n\n\t\t\n\t\t\t<div class=\"gs_logo_single--wrapper\">\n\t\t\t\t<div class=\"gs_logo_single\">\n\n\t\t\t\t\t<!-- Logo Title -->\n\t\t\t\t\t<img class=\" \" src=\"https:\/\/sashafitness.com\/site\/wp-content\/uploads\/2022\/10\/USP.jpg\" alt=\"\" title=\"USP\" \/>\n\t\t\t\t\t<!-- Logo Title -->\n\t\t\t\t\t\t\t\t\t\t\n\t\t\t\t<\/div>\n\t\t\t<\/div>\n\n\t\t\n\t\t\t<div class=\"gs_logo_single--wrapper\">\n\t\t\t\t<div class=\"gs_logo_single\">\n\n\t\t\t\t\t<!-- Logo Title -->\n\t\t\t\t\t<img class=\" \" src=\"https:\/\/sashafitness.com\/site\/wp-content\/uploads\/2022\/10\/ULTIMATE.jpg\" alt=\"\" title=\"ULTIMATE\" \/>\n\t\t\t\t\t<!-- Logo Title -->\n\t\t\t\t\t\t\t\t\t\t\n\t\t\t\t<\/div>\n\t\t\t<\/div>\n\n\t\t\n\t\t\t<div class=\"gs_logo_single--wrapper\">\n\t\t\t\t<div class=\"gs_logo_single\">\n\n\t\t\t\t\t<!-- Logo Title -->\n\t\t\t\t\t<img class=\" \" src=\"https:\/\/sashafitness.com\/site\/wp-content\/uploads\/2022\/10\/MUSCLETECH.jpg\" alt=\"\" title=\"MUSCLETECH\" \/>\n\t\t\t\t\t<!-- Logo Title -->\n\t\t\t\t\t\t\t\t\t\t\n\t\t\t\t<\/div>\n\t\t\t<\/div>\n\n\t\t\n\t\t\t<div class=\"gs_logo_single--wrapper\">\n\t\t\t\t<div class=\"gs_logo_single\">\n\n\t\t\t\t\t<!-- Logo Title -->\n\t\t\t\t\t<img class=\" \" src=\"https:\/\/sashafitness.com\/site\/wp-content\/uploads\/2022\/10\/METRX.jpg\" alt=\"\" title=\"METRX\" \/>\n\t\t\t\t\t<!-- Logo Title -->\n\t\t\t\t\t\t\t\t\t\t\n\t\t\t\t<\/div>\n\t\t\t<\/div>\n\n\t\t\n\t\t\t<div class=\"gs_logo_single--wrapper\">\n\t\t\t\t<div class=\"gs_logo_single\">\n\n\t\t\t\t\t<!-- Logo Title -->\n\t\t\t\t\t<img class=\" \" src=\"https:\/\/sashafitness.com\/site\/wp-content\/uploads\/2022\/10\/GASPARI.jpg\" alt=\"\" title=\"GASPARI\" \/>\n\t\t\t\t\t<!-- Logo Title -->\n\t\t\t\t\t\t\t\t\t\t\n\t\t\t\t<\/div>\n\t\t\t<\/div>\n\n\t\t\n\t\t\t<div class=\"gs_logo_single--wrapper\">\n\t\t\t\t<div class=\"gs_logo_single\">\n\n\t\t\t\t\t<!-- Logo Title -->\n\t\t\t\t\t<img class=\" \" src=\"https:\/\/sashafitness.com\/site\/wp-content\/uploads\/2022\/10\/DYMATIZE.jpg\" alt=\"\" title=\"DYMATIZE\" \/>\n\t\t\t\t\t<!-- Logo Title -->\n\t\t\t\t\t\t\t\t\t\t\n\t\t\t\t<\/div>\n\t\t\t<\/div>\n\n\t\t\n\t\t\t<div class=\"gs_logo_single--wrapper\">\n\t\t\t\t<div class=\"gs_logo_single\">\n\n\t\t\t\t\t<!-- Logo Title -->\n\t\t\t\t\t<img class=\" \" src=\"https:\/\/sashafitness.com\/site\/wp-content\/uploads\/2022\/10\/BSN.jpg\" alt=\"\" title=\"BSN\" \/>\n\t\t\t\t\t<!-- Logo Title -->\n\t\t\t\t\t\t\t\t\t\t\n\t\t\t\t<\/div>\n\t\t\t<\/div>\n\n\t\t\n\t\t\t<div class=\"gs_logo_single--wrapper\">\n\t\t\t\t<div class=\"gs_logo_single\">\n\n\t\t\t\t\t<!-- Logo Title -->\n\t\t\t\t\t<img class=\" \" src=\"https:\/\/sashafitness.com\/site\/wp-content\/uploads\/2021\/06\/API.jpg\" alt=\"\" title=\"API\" \/>\n\t\t\t\t\t<!-- Logo Title -->\n\t\t\t\t\t\t\t\t\t\t\n\t\t\t\t<\/div>\n\t\t\t<\/div>\n\n\t\t\t\t\n\t\n<\/div>\n\t\t<\/div>\n\t<\/div>\n\n\t\n<\/div>\n<\/div><\/div><\/div><\/div><div id=\"pg-6138-5\"  class=\"panel-grid panel-has-style\" ><div class=\"siteorigin-panels-stretch panel-row-style panel-row-style-for-6138-5\" data-stretch-type=\"full\" ><div id=\"pgc-6138-5-0\"  class=\"panel-grid-cell\" ><div id=\"panel-6138-5-0-0\" class=\"so-panel widget widget_sow-image panel-first-child panel-last-child\" data-index=\"8\" ><div class=\"so-widget-sow-image so-widget-sow-image-default-4b231843ec72-10149\">\n\n<div class=\"sow-image-container\">\n\t\t<img src=\"https:\/\/sashafitness.com\/site\/wp-content\/uploads\/2022\/10\/ARTE_INFERIOR_HOME.png\" width=\"1261\" height=\"300\" srcset=\"https:\/\/sashafitness.com\/site\/wp-content\/uploads\/2022\/10\/ARTE_INFERIOR_HOME.png 1261w, https:\/\/sashafitness.com\/site\/wp-content\/uploads\/2022\/10\/ARTE_INFERIOR_HOME-300x71.png 300w, https:\/\/sashafitness.com\/site\/wp-content\/uploads\/2022\/10\/ARTE_INFERIOR_HOME-1024x244.png 1024w, https:\/\/sashafitness.com\/site\/wp-content\/uploads\/2022\/10\/ARTE_INFERIOR_HOME-280x67.png 280w, https:\/\/sashafitness.com\/site\/wp-content\/uploads\/2022\/10\/ARTE_INFERIOR_HOME-600x143.png 600w\" sizes=\"(max-width: 1261px) 100vw, 1261px\" alt=\"\" loading=\"lazy\" \t\tclass=\"so-widget-image\"\/>\n\t<\/div>\n\n<\/div><\/div><\/div><\/div><\/div><\/div>","protected":false},"excerpt":{"rendered":"<p>La Empresa Sasha Fitness es una empresa importadora de productos para el desarrollo mental y f\u00edsico de atletas que solo buscan lo mejor para sus cuerpos. Somos distribuidores de prote\u00ednas, creatinas, amino\u00e1cidos, vitaminas, termog\u00e9nicos, pre-entrenamientos, post-entrenamientos, hidratos, sustitutos de comidas. Nuestros productos est\u00e1n respaldados por empresas que gastan considerables sumas en investigaci\u00f3n y desarrollo para [&hellip;]<\/p>\n","protected":false},"author":4,"featured_media":0,"parent":0,"menu_order":0,"comment_status":"closed","ping_status":"closed","template":"template-fullwidth.php","meta":[],"yoast_head":"<!-- This site is optimized with the Yoast SEO plugin v16.5 - https:\/\/yoast.com\/wordpress\/plugins\/seo\/ -->\n<title>SASHAFITNESS - La Empresa<\/title>\n<meta name=\"robots\" content=\"index, follow, max-snippet:-1, max-image-preview:large, max-video-preview:-1\" \/>\n<link rel=\"canonical\" href=\"https:\/\/sashafitness.com\/site\/la-empresa\/\" \/>\n<meta property=\"og:locale\" content=\"es_ES\" \/>\n<meta property=\"og:type\" content=\"article\" \/>\n<meta property=\"og:title\" content=\"SASHAFITNESS - La Empresa\" \/>\n<meta property=\"og:description\" content=\"La Empresa Sasha Fitness es una empresa importadora de productos para el desarrollo mental y f\u00edsico de atletas que solo buscan lo mejor para sus cuerpos. Somos distribuidores de prote\u00ednas, creatinas, amino\u00e1cidos, vitaminas, termog\u00e9nicos, pre-entrenamientos, post-entrenamientos, hidratos, sustitutos de comidas. Nuestros productos est\u00e1n respaldados por empresas que gastan considerables sumas en investigaci\u00f3n y desarrollo para [&hellip;]\" \/>\n<meta property=\"og:url\" content=\"https:\/\/sashafitness.com\/site\/la-empresa\/\" \/>\n<meta property=\"og:site_name\" content=\"SASHAFITNESS\" \/>\n<meta property=\"article:modified_time\" content=\"2024-03-08T21:25:52+00:00\" \/>\n<meta name=\"twitter:card\" content=\"summary\" \/>\n<meta name=\"twitter:label1\" content=\"Tiempo de lectura\" \/>\n\t<meta name=\"twitter:data1\" content=\"3 minutos\" \/>\n<script type=\"application\/ld+json\" class=\"yoast-schema-graph\">{\"@context\":\"https:\/\/schema.org\",\"@graph\":[{\"@type\":\"Organization\",\"@id\":\"https:\/\/sashafitness.com\/site\/#organization\",\"name\":\"SASHA FITNESS\",\"url\":\"https:\/\/sashafitness.com\/site\/\",\"sameAs\":[],\"logo\":{\"@type\":\"ImageObject\",\"@id\":\"https:\/\/sashafitness.com\/site\/#logo\",\"inLanguage\":\"es\",\"url\":\"\",\"contentUrl\":\"\",\"caption\":\"SASHA FITNESS\"},\"image\":{\"@id\":\"https:\/\/sashafitness.com\/site\/#logo\"}},{\"@type\":\"WebSite\",\"@id\":\"https:\/\/sashafitness.com\/site\/#website\",\"url\":\"https:\/\/sashafitness.com\/site\/\",\"name\":\"SASHAFITNESS\",\"description\":\"http:\/\/www.sashafitness.com\",\"publisher\":{\"@id\":\"https:\/\/sashafitness.com\/site\/#organization\"},\"potentialAction\":[{\"@type\":\"SearchAction\",\"target\":\"https:\/\/sashafitness.com\/site\/?s={search_term_string}\",\"query-input\":\"required name=search_term_string\"}],\"inLanguage\":\"es\"},{\"@type\":\"WebPage\",\"@id\":\"https:\/\/sashafitness.com\/site\/la-empresa\/#webpage\",\"url\":\"https:\/\/sashafitness.com\/site\/la-empresa\/\",\"name\":\"SASHAFITNESS - La Empresa\",\"isPartOf\":{\"@id\":\"https:\/\/sashafitness.com\/site\/#website\"},\"datePublished\":\"2019-11-03T14:11:10+00:00\",\"dateModified\":\"2024-03-08T21:25:52+00:00\",\"breadcrumb\":{\"@id\":\"https:\/\/sashafitness.com\/site\/la-empresa\/#breadcrumb\"},\"inLanguage\":\"es\",\"potentialAction\":[{\"@type\":\"ReadAction\",\"target\":[\"https:\/\/sashafitness.com\/site\/la-empresa\/\"]}]},{\"@type\":\"BreadcrumbList\",\"@id\":\"https:\/\/sashafitness.com\/site\/la-empresa\/#breadcrumb\",\"itemListElement\":[{\"@type\":\"ListItem\",\"position\":1,\"name\":\"Portada\",\"item\":\"https:\/\/sashafitness.com\/site\/\"},{\"@type\":\"ListItem\",\"position\":2,\"name\":\"La Empresa\"}]}]}<\/script>\n<!-- \/ Yoast SEO plugin. -->","_links":{"self":[{"href":"https:\/\/sashafitness.com\/site\/wp-json\/wp\/v2\/pages\/6138"}],"collection":[{"href":"https:\/\/sashafitness.com\/site\/wp-json\/wp\/v2\/pages"}],"about":[{"href":"https:\/\/sashafitness.com\/site\/wp-json\/wp\/v2\/types\/page"}],"author":[{"embeddable":true,"href":"https:\/\/sashafitness.com\/site\/wp-json\/wp\/v2\/users\/4"}],"replies":[{"embeddable":true,"href":"https:\/\/sashafitness.com\/site\/wp-json\/wp\/v2\/comments?post=6138"}],"version-history":[{"count":22,"href":"https:\/\/sashafitness.com\/site\/wp-json\/wp\/v2\/pages\/6138\/revisions"}],"predecessor-version":[{"id":10877,"href":"https:\/\/sashafitness.com\/site\/wp-json\/wp\/v2\/pages\/6138\/revisions\/10877"}],"wp:attachment":[{"href":"https:\/\/sashafitness.com\/site\/wp-json\/wp\/v2\/media?parent=6138"}],"curies":[{"name":"wp","href":"https:\/\/api.w.org\/{rel}","templated":true}]}}