{"id":11021,"date":"2022-10-29T12:04:40","date_gmt":"2022-10-29T16:04:40","guid":{"rendered":"https:\/\/sashafitness.com\/site\/?page_id=11021"},"modified":"2022-10-29T12:07:30","modified_gmt":"2022-10-29T16:07:30","slug":"gracias-por-contactarnos","status":"publish","type":"page","link":"https:\/\/sashafitness.com\/site\/gracias-por-contactarnos\/","title":{"rendered":"Gracias por Contactarnos"},"content":{"rendered":"<div id=\"pl-11021\"  class=\"panel-layout\" ><div id=\"pg-11021-0\"  class=\"panel-grid panel-no-style\" ><div id=\"pgc-11021-0-0\"  class=\"panel-grid-cell panel-grid-cell-empty\" ><\/div><\/div><div id=\"pg-11021-1\"  class=\"panel-grid panel-no-style\" ><div id=\"pgc-11021-1-0\"  class=\"panel-grid-cell\" ><div id=\"panel-11021-1-0-0\" class=\"so-panel widget widget_sow-editor panel-first-child panel-last-child\" data-index=\"0\" ><div class=\"so-widget-sow-editor so-widget-sow-editor-base\">\n<div class=\"siteorigin-widget-tinymce textwidget\">\n\t<h3 style=\"text-align: justify;\">Cont\u00e1ctenos<\/h3>\n<\/div>\n<\/div><\/div><\/div><\/div><div id=\"pg-11021-2\"  class=\"panel-grid panel-has-style\" ><div class=\"panel-row-style panel-row-style-for-11021-2\" ><div id=\"pgc-11021-2-0\"  class=\"panel-grid-cell\" ><div id=\"panel-11021-2-0-0\" class=\"so-panel widget widget_sow-editor panel-first-child panel-last-child\" data-index=\"1\" ><div class=\"so-widget-sow-editor so-widget-sow-editor-base\">\n<div class=\"siteorigin-widget-tinymce textwidget\">\n\t<p>Su solicitud ha sido enviada con \u00e9xito, le responderemos lo antes posible.<\/p>\n<p>Saludos,<\/p>\n<p><strong>Departamento de Atenci\u00f3n<\/strong><br \/>\n<strong>Sasha Fitness<\/strong><\/p>\n<\/div>\n<\/div><\/div><\/div><div id=\"pgc-11021-2-1\"  class=\"panel-grid-cell\" ><div id=\"panel-11021-2-1-0\" class=\"so-panel widget widget_sow-image panel-first-child panel-last-child\" data-index=\"2\" ><div class=\"so-widget-sow-image so-widget-sow-image-default-d6014b76747a-11021\">\n\n<div class=\"sow-image-container\">\n\t\t<img src=\"https:\/\/sashafitness.com\/site\/wp-content\/uploads\/2022\/10\/LATERAL_CONTACTENOS.jpg\" width=\"350\" height=\"750\" srcset=\"https:\/\/sashafitness.com\/site\/wp-content\/uploads\/2022\/10\/LATERAL_CONTACTENOS.jpg 350w, https:\/\/sashafitness.com\/site\/wp-content\/uploads\/2022\/10\/LATERAL_CONTACTENOS-140x300.jpg 140w, https:\/\/sashafitness.com\/site\/wp-content\/uploads\/2022\/10\/LATERAL_CONTACTENOS-280x600.jpg 280w\" sizes=\"(max-width: 350px) 100vw, 350px\" alt=\"\" loading=\"lazy\" \t\tclass=\"so-widget-image\"\/>\n\t<\/div>\n\n<\/div><\/div><\/div><\/div><\/div><div id=\"pg-11021-3\"  class=\"panel-grid panel-has-style\" ><div class=\"siteorigin-panels-stretch panel-row-style panel-row-style-for-11021-3\" data-stretch-type=\"full\" ><div id=\"pgc-11021-3-0\"  class=\"panel-grid-cell\" ><div id=\"panel-11021-3-0-0\" class=\"so-panel widget widget_sow-editor panel-first-child\" data-index=\"3\" ><div class=\"so-widget-sow-editor so-widget-sow-editor-base\">\n<div class=\"siteorigin-widget-tinymce textwidget\">\n\t<h4 style=\"text-align: center; margin-top: 0px; margin-bottom: 0px;\"><span style=\"color: #ffffff;\">Estamos conformados por un grupo de profesionales multidisciplinario<\/span><\/h4>\n<h4 style=\"text-align: center; margin-top: 0px; margin-bottom: 0px;\"><span style=\"color: #ffffff;\">listos para brindar asesor\u00eda integral en funci\u00f3n de sus objetivos.<\/span><\/h4>\n<\/div>\n<\/div><\/div><div id=\"panel-11021-3-0-1\" class=\"so-panel widget widget_sow-button panel-last-child\" data-index=\"4\" ><div class=\"so-widget-sow-button so-widget-sow-button-wire-06330324aa37-11021\"><div class=\"ow-button-base ow-button-align-center\">\n\t<a href=\"https:\/\/sashafitness.com\/site\/site\/contactenos\/\" class=\"ow-icon-placement-left ow-button-hover\" \t\t>\n\t\t<span>\n\t\t\t\n\t\t\tCont\u00e1ctenos\t\t<\/span>\n\t<\/a>\n<\/div>\n<\/div><\/div><\/div><\/div><\/div><div id=\"pg-11021-4\"  class=\"panel-grid panel-no-style\" ><div id=\"pgc-11021-4-0\"  class=\"panel-grid-cell\" ><div id=\"panel-11021-4-0-0\" class=\"so-panel widget widget_sow-editor panel-first-child\" data-index=\"5\" ><div class=\"so-widget-sow-editor so-widget-sow-editor-base\">\n<div class=\"siteorigin-widget-tinymce textwidget\">\n\t<h3 style=\"text-align: center;\"><span style=\"color: #808080;\">Marcas Aliadas<\/span><\/h3>\n<\/div>\n<\/div><\/div><div id=\"panel-11021-4-0-1\" class=\"so-panel widget widget_sow-editor panel-last-child\" data-index=\"6\" ><div class=\"so-widget-sow-editor so-widget-sow-editor-base\">\n<div class=\"siteorigin-widget-tinymce textwidget\">\n\t\n\t<div class=\"gs_logo_area gs_logo_area_69e1fce124fbf slider1\">\n\t\t<div class=\"gs_logo_area--inner\">\n\n\t\t\t\n<div class=\"gs_logo_container gs_carousel_swiper gs_logo_fix_height_and_center\" data-carousel-config='{\"direction\":\"horizontal\",\"speed\":500,\"isAutoplay\":true,\"autoplayDelay\":2000,\"loop\":true,\"pauseOnHover\":true,\"ticker\":false,\"navs\":false,\"dots\":false,\"dynamic_dots\":true,\"slideSpace\":10,\"slidesPerGroup\":1,\"desktopLogos\":5,\"tabletLogos\":3,\"mobileLogos\":2}'>\n\n\t\n\t\t\n\t\t\t<div class=\"gs_logo_single--wrapper\">\n\t\t\t\t<div class=\"gs_logo_single\">\n\n\t\t\t\t\t<!-- Logo Title -->\n\t\t\t\t\t<img class=\" \" src=\"https:\/\/sashafitness.com\/site\/wp-content\/uploads\/2022\/10\/WEIDER.jpg\" alt=\"\" title=\"WEIDER\" \/>\n\t\t\t\t\t<!-- Logo Title -->\n\t\t\t\t\t\t\t\t\t\t\n\t\t\t\t<\/div>\n\t\t\t<\/div>\n\n\t\t\n\t\t\t<div class=\"gs_logo_single--wrapper\">\n\t\t\t\t<div class=\"gs_logo_single\">\n\n\t\t\t\t\t<!-- Logo Title -->\n\t\t\t\t\t<img class=\" \" src=\"https:\/\/sashafitness.com\/site\/wp-content\/uploads\/2022\/10\/USP.jpg\" alt=\"\" title=\"USP\" \/>\n\t\t\t\t\t<!-- Logo Title -->\n\t\t\t\t\t\t\t\t\t\t\n\t\t\t\t<\/div>\n\t\t\t<\/div>\n\n\t\t\n\t\t\t<div class=\"gs_logo_single--wrapper\">\n\t\t\t\t<div class=\"gs_logo_single\">\n\n\t\t\t\t\t<!-- Logo Title -->\n\t\t\t\t\t<img class=\" \" src=\"https:\/\/sashafitness.com\/site\/wp-content\/uploads\/2022\/10\/ULTIMATE.jpg\" alt=\"\" title=\"ULTIMATE\" \/>\n\t\t\t\t\t<!-- Logo Title -->\n\t\t\t\t\t\t\t\t\t\t\n\t\t\t\t<\/div>\n\t\t\t<\/div>\n\n\t\t\n\t\t\t<div class=\"gs_logo_single--wrapper\">\n\t\t\t\t<div class=\"gs_logo_single\">\n\n\t\t\t\t\t<!-- Logo Title -->\n\t\t\t\t\t<img class=\" \" src=\"https:\/\/sashafitness.com\/site\/wp-content\/uploads\/2022\/10\/MUSCLETECH.jpg\" alt=\"\" title=\"MUSCLETECH\" \/>\n\t\t\t\t\t<!-- Logo Title -->\n\t\t\t\t\t\t\t\t\t\t\n\t\t\t\t<\/div>\n\t\t\t<\/div>\n\n\t\t\n\t\t\t<div class=\"gs_logo_single--wrapper\">\n\t\t\t\t<div class=\"gs_logo_single\">\n\n\t\t\t\t\t<!-- Logo Title -->\n\t\t\t\t\t<img class=\" \" src=\"https:\/\/sashafitness.com\/site\/wp-content\/uploads\/2022\/10\/METRX.jpg\" alt=\"\" title=\"METRX\" \/>\n\t\t\t\t\t<!-- Logo Title -->\n\t\t\t\t\t\t\t\t\t\t\n\t\t\t\t<\/div>\n\t\t\t<\/div>\n\n\t\t\n\t\t\t<div class=\"gs_logo_single--wrapper\">\n\t\t\t\t<div class=\"gs_logo_single\">\n\n\t\t\t\t\t<!-- Logo Title -->\n\t\t\t\t\t<img class=\" \" src=\"https:\/\/sashafitness.com\/site\/wp-content\/uploads\/2022\/10\/GASPARI.jpg\" alt=\"\" title=\"GASPARI\" \/>\n\t\t\t\t\t<!-- Logo Title -->\n\t\t\t\t\t\t\t\t\t\t\n\t\t\t\t<\/div>\n\t\t\t<\/div>\n\n\t\t\n\t\t\t<div class=\"gs_logo_single--wrapper\">\n\t\t\t\t<div class=\"gs_logo_single\">\n\n\t\t\t\t\t<!-- Logo Title -->\n\t\t\t\t\t<img class=\" \" src=\"https:\/\/sashafitness.com\/site\/wp-content\/uploads\/2022\/10\/DYMATIZE.jpg\" alt=\"\" title=\"DYMATIZE\" \/>\n\t\t\t\t\t<!-- Logo Title -->\n\t\t\t\t\t\t\t\t\t\t\n\t\t\t\t<\/div>\n\t\t\t<\/div>\n\n\t\t\n\t\t\t<div class=\"gs_logo_single--wrapper\">\n\t\t\t\t<div class=\"gs_logo_single\">\n\n\t\t\t\t\t<!-- Logo Title -->\n\t\t\t\t\t<img class=\" \" src=\"https:\/\/sashafitness.com\/site\/wp-content\/uploads\/2022\/10\/BSN.jpg\" alt=\"\" title=\"BSN\" \/>\n\t\t\t\t\t<!-- Logo Title -->\n\t\t\t\t\t\t\t\t\t\t\n\t\t\t\t<\/div>\n\t\t\t<\/div>\n\n\t\t\n\t\t\t<div class=\"gs_logo_single--wrapper\">\n\t\t\t\t<div class=\"gs_logo_single\">\n\n\t\t\t\t\t<!-- Logo Title -->\n\t\t\t\t\t<img class=\" \" src=\"https:\/\/sashafitness.com\/site\/wp-content\/uploads\/2021\/06\/API.jpg\" alt=\"\" title=\"API\" \/>\n\t\t\t\t\t<!-- Logo Title -->\n\t\t\t\t\t\t\t\t\t\t\n\t\t\t\t<\/div>\n\t\t\t<\/div>\n\n\t\t\t\t\n\t\n<\/div>\n\t\t<\/div>\n\t<\/div>\n\n\t\n<\/div>\n<\/div><\/div><\/div><\/div><div id=\"pg-11021-5\"  class=\"panel-grid panel-has-style\" ><div class=\"siteorigin-panels-stretch panel-row-style panel-row-style-for-11021-5\" data-stretch-type=\"full\" ><div id=\"pgc-11021-5-0\"  class=\"panel-grid-cell\" ><div id=\"panel-11021-5-0-0\" class=\"so-panel widget widget_sow-image panel-first-child panel-last-child\" data-index=\"7\" ><div class=\"so-widget-sow-image so-widget-sow-image-default-4b231843ec72-10149\">\n\n<div class=\"sow-image-container\">\n\t\t<img src=\"https:\/\/sashafitness.com\/site\/wp-content\/uploads\/2022\/10\/ARTE_INFERIOR_HOME.png\" width=\"1261\" height=\"300\" srcset=\"https:\/\/sashafitness.com\/site\/wp-content\/uploads\/2022\/10\/ARTE_INFERIOR_HOME.png 1261w, https:\/\/sashafitness.com\/site\/wp-content\/uploads\/2022\/10\/ARTE_INFERIOR_HOME-300x71.png 300w, https:\/\/sashafitness.com\/site\/wp-content\/uploads\/2022\/10\/ARTE_INFERIOR_HOME-1024x244.png 1024w, https:\/\/sashafitness.com\/site\/wp-content\/uploads\/2022\/10\/ARTE_INFERIOR_HOME-280x67.png 280w, https:\/\/sashafitness.com\/site\/wp-content\/uploads\/2022\/10\/ARTE_INFERIOR_HOME-600x143.png 600w\" sizes=\"(max-width: 1261px) 100vw, 1261px\" alt=\"\" loading=\"lazy\" \t\tclass=\"so-widget-image\"\/>\n\t<\/div>\n\n<\/div><\/div><\/div><\/div><\/div><\/div>","protected":false},"excerpt":{"rendered":"<p>Cont\u00e1ctenos Su solicitud ha sido enviada con \u00e9xito, le responderemos lo antes posible. Saludos, Departamento de Atenci\u00f3n Sasha Fitness Estamos conformados por un grupo de profesionales multidisciplinario listos para brindar asesor\u00eda integral en funci\u00f3n de sus objetivos. Marcas Aliadas<\/p>\n","protected":false},"author":4,"featured_media":0,"parent":0,"menu_order":0,"comment_status":"closed","ping_status":"closed","template":"template-fullwidth.php","meta":[],"yoast_head":"<!-- This site is optimized with the Yoast SEO plugin v16.5 - https:\/\/yoast.com\/wordpress\/plugins\/seo\/ -->\n<title>Gracias por Contactarnos - SASHAFITNESS<\/title>\n<meta name=\"robots\" content=\"index, follow, max-snippet:-1, max-image-preview:large, max-video-preview:-1\" \/>\n<link rel=\"canonical\" href=\"https:\/\/sashafitness.com\/site\/gracias-por-contactarnos\/\" \/>\n<meta property=\"og:locale\" content=\"es_ES\" \/>\n<meta property=\"og:type\" content=\"article\" \/>\n<meta property=\"og:title\" content=\"Gracias por Contactarnos - SASHAFITNESS\" \/>\n<meta property=\"og:description\" content=\"Cont\u00e1ctenos Su solicitud ha sido enviada con \u00e9xito, le responderemos lo antes posible. Saludos, Departamento de Atenci\u00f3n Sasha Fitness Estamos conformados por un grupo de profesionales multidisciplinario listos para brindar asesor\u00eda integral en funci\u00f3n de sus objetivos. Marcas Aliadas\" \/>\n<meta property=\"og:url\" content=\"https:\/\/sashafitness.com\/site\/gracias-por-contactarnos\/\" \/>\n<meta property=\"og:site_name\" content=\"SASHAFITNESS\" \/>\n<meta property=\"article:modified_time\" content=\"2022-10-29T16:07:30+00:00\" \/>\n<meta name=\"twitter:card\" content=\"summary\" \/>\n<meta name=\"twitter:label1\" content=\"Tiempo de lectura\" \/>\n\t<meta name=\"twitter:data1\" content=\"3 minutos\" \/>\n<script type=\"application\/ld+json\" class=\"yoast-schema-graph\">{\"@context\":\"https:\/\/schema.org\",\"@graph\":[{\"@type\":\"Organization\",\"@id\":\"https:\/\/sashafitness.com\/site\/#organization\",\"name\":\"SASHA FITNESS\",\"url\":\"https:\/\/sashafitness.com\/site\/\",\"sameAs\":[],\"logo\":{\"@type\":\"ImageObject\",\"@id\":\"https:\/\/sashafitness.com\/site\/#logo\",\"inLanguage\":\"es\",\"url\":\"\",\"contentUrl\":\"\",\"caption\":\"SASHA FITNESS\"},\"image\":{\"@id\":\"https:\/\/sashafitness.com\/site\/#logo\"}},{\"@type\":\"WebSite\",\"@id\":\"https:\/\/sashafitness.com\/site\/#website\",\"url\":\"https:\/\/sashafitness.com\/site\/\",\"name\":\"SASHAFITNESS\",\"description\":\"http:\/\/www.sashafitness.com\",\"publisher\":{\"@id\":\"https:\/\/sashafitness.com\/site\/#organization\"},\"potentialAction\":[{\"@type\":\"SearchAction\",\"target\":\"https:\/\/sashafitness.com\/site\/?s={search_term_string}\",\"query-input\":\"required name=search_term_string\"}],\"inLanguage\":\"es\"},{\"@type\":\"WebPage\",\"@id\":\"https:\/\/sashafitness.com\/site\/gracias-por-contactarnos\/#webpage\",\"url\":\"https:\/\/sashafitness.com\/site\/gracias-por-contactarnos\/\",\"name\":\"Gracias por Contactarnos - SASHAFITNESS\",\"isPartOf\":{\"@id\":\"https:\/\/sashafitness.com\/site\/#website\"},\"datePublished\":\"2022-10-29T16:04:40+00:00\",\"dateModified\":\"2022-10-29T16:07:30+00:00\",\"breadcrumb\":{\"@id\":\"https:\/\/sashafitness.com\/site\/gracias-por-contactarnos\/#breadcrumb\"},\"inLanguage\":\"es\",\"potentialAction\":[{\"@type\":\"ReadAction\",\"target\":[\"https:\/\/sashafitness.com\/site\/gracias-por-contactarnos\/\"]}]},{\"@type\":\"BreadcrumbList\",\"@id\":\"https:\/\/sashafitness.com\/site\/gracias-por-contactarnos\/#breadcrumb\",\"itemListElement\":[{\"@type\":\"ListItem\",\"position\":1,\"name\":\"Portada\",\"item\":\"https:\/\/sashafitness.com\/site\/\"},{\"@type\":\"ListItem\",\"position\":2,\"name\":\"Gracias por Contactarnos\"}]}]}<\/script>\n<!-- \/ Yoast SEO plugin. -->","_links":{"self":[{"href":"https:\/\/sashafitness.com\/site\/wp-json\/wp\/v2\/pages\/11021"}],"collection":[{"href":"https:\/\/sashafitness.com\/site\/wp-json\/wp\/v2\/pages"}],"about":[{"href":"https:\/\/sashafitness.com\/site\/wp-json\/wp\/v2\/types\/page"}],"author":[{"embeddable":true,"href":"https:\/\/sashafitness.com\/site\/wp-json\/wp\/v2\/users\/4"}],"replies":[{"embeddable":true,"href":"https:\/\/sashafitness.com\/site\/wp-json\/wp\/v2\/comments?post=11021"}],"version-history":[{"count":3,"href":"https:\/\/sashafitness.com\/site\/wp-json\/wp\/v2\/pages\/11021\/revisions"}],"predecessor-version":[{"id":11024,"href":"https:\/\/sashafitness.com\/site\/wp-json\/wp\/v2\/pages\/11021\/revisions\/11024"}],"wp:attachment":[{"href":"https:\/\/sashafitness.com\/site\/wp-json\/wp\/v2\/media?parent=11021"}],"curies":[{"name":"wp","href":"https:\/\/api.w.org\/{rel}","templated":true}]}}